{"id":596,"date":"2026-03-10T06:23:52","date_gmt":"2026-03-10T06:23:52","guid":{"rendered":"https:\/\/showbox.gridmz.com\/flcs26\/?page_id=596"},"modified":"2026-03-10T06:28:55","modified_gmt":"2026-03-10T06:28:55","slug":"noticias","status":"publish","type":"page","link":"https:\/\/showbox.gridmz.com\/flcs26\/noticias\/","title":{"rendered":"Not\u00edcias"},"content":{"rendered":"\t\t<div data-elementor-type=\"wp-page\" data-elementor-id=\"596\" class=\"elementor elementor-596\">\n\t\t\t\t<div class=\"elementor-element elementor-element-cd20424 e-flex e-con-boxed e-con e-parent\" data-id=\"cd20424\" data-element_type=\"container\" data-e-type=\"container\" data-settings=\"{&quot;background_background&quot;:&quot;classic&quot;}\">\n\t\t\t\t\t<div class=\"e-con-inner\">\n\t\t\t\t\t<\/div>\n\t\t\t\t<\/div>\n\t\t<div class=\"elementor-element elementor-element-541188a e-flex e-con-boxed e-con e-parent\" data-id=\"541188a\" data-element_type=\"container\" data-e-type=\"container\">\n\t\t\t\t\t<div class=\"e-con-inner\">\n\t\t\t\t<div class=\"elementor-element elementor-element-f8a40c3 elementor-widget elementor-widget-heading\" data-id=\"f8a40c3\" data-element_type=\"widget\" data-e-type=\"widget\" data-widget_type=\"heading.default\">\n\t\t\t\t\t<h2 class=\"elementor-heading-title elementor-size-default\">Not\u00edcias<\/h2>\t\t\t\t<\/div>\n\t\t\t\t\t<\/div>\n\t\t\t\t<\/div>\n\t\t<div class=\"elementor-element elementor-element-d2f2eff e-flex e-con-boxed e-con e-parent\" data-id=\"d2f2eff\" data-element_type=\"container\" data-e-type=\"container\">\n\t\t\t\t\t<div class=\"e-con-inner\">\n\t\t\t\t<div class=\"elementor-element elementor-element-713a8c9 elementor-grid-3 elementor-grid-tablet-2 elementor-grid-mobile-1 elementor-widget elementor-widget-elementor-blog-posts\" data-id=\"713a8c9\" data-element_type=\"widget\" data-e-type=\"widget\" data-settings=\"{&quot;columns&quot;:&quot;3&quot;,&quot;columns_tablet&quot;:&quot;2&quot;,&quot;columns_mobile&quot;:&quot;1&quot;}\" data-widget_type=\"elementor-blog-posts.default\">\n\t\t\t\t<div class=\"elementor-widget-container\">\n\t\t\t\t\t\t\t<div class=\"wpcap-grid\">\n\t\t\t\t\t\t<div class=\"wpcap-grid-container elementor-grid wpcap-grid-desktop-3 wpcap-grid-tablet-2 wpcap-grid-mobile-1\">\n\n\t\t\t\t\n        <article id=\"post-571\" class=\"wpcap-post post-571 post type-post status-publish format-standard has-post-thumbnail hentry category-noticias\">\n         \n            <div class=\"post-grid-inner\">\n            \t\n            \t\t\t\t<div class=\"post-grid-thumbnail\">\n\t\t\t\t<a href=\"https:\/\/showbox.gridmz.com\/flcs26\/2026\/03\/10\/director-da-flcs-encoraja-a-permanencia-dos-novos-ingressos-ate-ao-fim-do-curso\/\">\n\t\t\t\t\t<img fetchpriority=\"high\" decoding=\"async\" width=\"2560\" height=\"1707\" src=\"https:\/\/showbox.gridmz.com\/flcs26\/wp-content\/uploads\/2026\/03\/Boas-vindas-novos-estudantes-scaled.jpg\" class=\"attachment-full size-full wp-post-image\" alt=\"\" srcset=\"https:\/\/showbox.gridmz.com\/flcs26\/wp-content\/uploads\/2026\/03\/Boas-vindas-novos-estudantes-scaled.jpg 2560w, https:\/\/showbox.gridmz.com\/flcs26\/wp-content\/uploads\/2026\/03\/Boas-vindas-novos-estudantes-300x200.jpg 300w, https:\/\/showbox.gridmz.com\/flcs26\/wp-content\/uploads\/2026\/03\/Boas-vindas-novos-estudantes-1024x683.jpg 1024w, https:\/\/showbox.gridmz.com\/flcs26\/wp-content\/uploads\/2026\/03\/Boas-vindas-novos-estudantes-768x512.jpg 768w, https:\/\/showbox.gridmz.com\/flcs26\/wp-content\/uploads\/2026\/03\/Boas-vindas-novos-estudantes-1536x1024.jpg 1536w, https:\/\/showbox.gridmz.com\/flcs26\/wp-content\/uploads\/2026\/03\/Boas-vindas-novos-estudantes-2048x1365.jpg 2048w\" sizes=\"(max-width: 2560px) 100vw, 2560px\" \/>\t\t\t\t<\/a>\n\t\t\t<\/div>\n        \n                <div class=\"post-grid-text-wrap\">\n               \t\t\t\t<h3 class=\"title\">\n\t\t\t<a href=\"https:\/\/showbox.gridmz.com\/flcs26\/2026\/03\/10\/director-da-flcs-encoraja-a-permanencia-dos-novos-ingressos-ate-ao-fim-do-curso\/\">Director da FLCS encoraja a perman\u00eancia dos novos ingressos at\u00e9 ao fim do curso<\/a>\n\t\t<\/h3>\n\t\t\t                \t                \t\t<div class=\"post-grid-excerpt\">\n\t\t\t<p>O Director da Faculdade de Letras e Ci\u00eancias Sociais da Universidade Eduardo Mondlane (FLCS), Prof. Doutor Samuel Quive, encorajou aos estudantes do primeiro ano dos&hellip;<\/p>\n\t\t<\/div>\n\t\t\t                                <\/div>\n\n            <\/div><!-- .blog-inner -->\n           \n        <\/article>\n\n        \n        <article id=\"post-566\" class=\"wpcap-post post-566 post type-post status-publish format-standard has-post-thumbnail hentry category-noticias\">\n         \n            <div class=\"post-grid-inner\">\n            \t\n            \t\t\t\t<div class=\"post-grid-thumbnail\">\n\t\t\t\t<a href=\"https:\/\/showbox.gridmz.com\/flcs26\/2026\/03\/10\/flcs-e-iphlln-assinam-memorando-de-entendimento-para-fortalecer-a-promocao-de-investigacao-cientifica\/\">\n\t\t\t\t\t<img decoding=\"async\" width=\"975\" height=\"626\" src=\"https:\/\/showbox.gridmz.com\/flcs26\/wp-content\/uploads\/2026\/03\/FLCS-IPHLN.jpg\" class=\"attachment-full size-full wp-post-image\" alt=\"\" srcset=\"https:\/\/showbox.gridmz.com\/flcs26\/wp-content\/uploads\/2026\/03\/FLCS-IPHLN.jpg 975w, https:\/\/showbox.gridmz.com\/flcs26\/wp-content\/uploads\/2026\/03\/FLCS-IPHLN-300x193.jpg 300w, https:\/\/showbox.gridmz.com\/flcs26\/wp-content\/uploads\/2026\/03\/FLCS-IPHLN-768x493.jpg 768w\" sizes=\"(max-width: 975px) 100vw, 975px\" \/>\t\t\t\t<\/a>\n\t\t\t<\/div>\n        \n                <div class=\"post-grid-text-wrap\">\n               \t\t\t\t<h3 class=\"title\">\n\t\t\t<a href=\"https:\/\/showbox.gridmz.com\/flcs26\/2026\/03\/10\/flcs-e-iphlln-assinam-memorando-de-entendimento-para-fortalecer-a-promocao-de-investigacao-cientifica\/\">FLCS e IPHLLN assinam memorando de entendimento para fortalecer a promo\u00e7\u00e3o de investiga\u00e7\u00e3o cientifica<\/a>\n\t\t<\/h3>\n\t\t\t                \t                \t\t<div class=\"post-grid-excerpt\">\n\t\t\t<p>A Faculdade de Letras e Ci\u00eancias Sociais da Universidade Eduardo Mondlane (FLCS) e o Instituto de Pesquisa da Hist\u00f3ria de Luta de Liberta\u00e7\u00e3o Nacional (IPHLLN)&hellip;<\/p>\n\t\t<\/div>\n\t\t\t                                <\/div>\n\n            <\/div><!-- .blog-inner -->\n           \n        <\/article>\n\n        \n        <article id=\"post-559\" class=\"wpcap-post post-559 post type-post status-publish format-standard has-post-thumbnail hentry category-noticias\">\n         \n            <div class=\"post-grid-inner\">\n            \t\n            \t\t\t\t<div class=\"post-grid-thumbnail\">\n\t\t\t\t<a href=\"https:\/\/showbox.gridmz.com\/flcs26\/2026\/03\/10\/investigadora-apela-maior-valorizacao-das-linguas-bantu\/\">\n\t\t\t\t\t<img decoding=\"async\" width=\"300\" height=\"311\" src=\"https:\/\/showbox.gridmz.com\/flcs26\/wp-content\/uploads\/2026\/03\/2025-DLingua-Port-04.png\" class=\"attachment-full size-full wp-post-image\" alt=\"\" srcset=\"https:\/\/showbox.gridmz.com\/flcs26\/wp-content\/uploads\/2026\/03\/2025-DLingua-Port-04.png 300w, https:\/\/showbox.gridmz.com\/flcs26\/wp-content\/uploads\/2026\/03\/2025-DLingua-Port-04-289x300.png 289w\" sizes=\"(max-width: 300px) 100vw, 300px\" \/>\t\t\t\t<\/a>\n\t\t\t<\/div>\n        \n                <div class=\"post-grid-text-wrap\">\n               \t\t\t\t<h3 class=\"title\">\n\t\t\t<a href=\"https:\/\/showbox.gridmz.com\/flcs26\/2026\/03\/10\/investigadora-apela-maior-valorizacao-das-linguas-bantu\/\">Investigadora apela maior valoriza\u00e7\u00e3o das l\u00ednguas bantu<\/a>\n\t\t<\/h3>\n\t\t\t                \t                \t\t<div class=\"post-grid-excerpt\">\n\t\t\t<p>As l\u00ednguas bantu, em Mo\u00e7ambique, foram desvalorizadas durante muito tempo, visto que, eram tidas como regionais e, em algumas vezes, defendia-se que o seu reconhecimento&hellip;<\/p>\n\t\t<\/div>\n\t\t\t                                <\/div>\n\n            <\/div><!-- .blog-inner -->\n           \n        <\/article>\n\n        \n        <article id=\"post-553\" class=\"wpcap-post post-553 post type-post status-publish format-standard has-post-thumbnail hentry category-noticias\">\n         \n            <div class=\"post-grid-inner\">\n            \t\n            \t\t\t\t<div class=\"post-grid-thumbnail\">\n\t\t\t\t<a href=\"https:\/\/showbox.gridmz.com\/flcs26\/2026\/03\/10\/flcs-realiza-primeira-sessao-ordinaria-do-conselho-de-faculdade\/\">\n\t\t\t\t\t<img loading=\"lazy\" decoding=\"async\" width=\"1040\" height=\"596\" src=\"https:\/\/showbox.gridmz.com\/flcs26\/wp-content\/uploads\/2026\/03\/1-CF-2025-03.jpg\" class=\"attachment-full size-full wp-post-image\" alt=\"\" srcset=\"https:\/\/showbox.gridmz.com\/flcs26\/wp-content\/uploads\/2026\/03\/1-CF-2025-03.jpg 1040w, https:\/\/showbox.gridmz.com\/flcs26\/wp-content\/uploads\/2026\/03\/1-CF-2025-03-300x172.jpg 300w, https:\/\/showbox.gridmz.com\/flcs26\/wp-content\/uploads\/2026\/03\/1-CF-2025-03-1024x587.jpg 1024w, https:\/\/showbox.gridmz.com\/flcs26\/wp-content\/uploads\/2026\/03\/1-CF-2025-03-768x440.jpg 768w\" sizes=\"(max-width: 1040px) 100vw, 1040px\" \/>\t\t\t\t<\/a>\n\t\t\t<\/div>\n        \n                <div class=\"post-grid-text-wrap\">\n               \t\t\t\t<h3 class=\"title\">\n\t\t\t<a href=\"https:\/\/showbox.gridmz.com\/flcs26\/2026\/03\/10\/flcs-realiza-primeira-sessao-ordinaria-do-conselho-de-faculdade\/\">FLCS realiza primeira Sess\u00e3o Ordin\u00e1ria do Conselho de Faculdade<\/a>\n\t\t<\/h3>\n\t\t\t                \t                \t\t<div class=\"post-grid-excerpt\">\n\t\t\t<p>A\u00a0Faculdade de Letras e Ci\u00eancias Sociais da Universidade Eduardo Mondlane (FLCS) realizou, na passada quarta-feira (30\/04), a primeira Sess\u00e3o Ordin\u00e1ria do corrente ano do Conselho&hellip;<\/p>\n\t\t<\/div>\n\t\t\t                                <\/div>\n\n            <\/div><!-- .blog-inner -->\n           \n        <\/article>\n\n        \n        <article id=\"post-546\" class=\"wpcap-post post-546 post type-post status-publish format-standard has-post-thumbnail hentry category-noticias\">\n         \n            <div class=\"post-grid-inner\">\n            \t\n            \t\t\t\t<div class=\"post-grid-thumbnail\">\n\t\t\t\t<a href=\"https:\/\/showbox.gridmz.com\/flcs26\/2026\/03\/10\/flcs-reconhece-contributo-de-funcionarios-reformados\/\">\n\t\t\t\t\t<img loading=\"lazy\" decoding=\"async\" width=\"1140\" height=\"580\" src=\"https:\/\/showbox.gridmz.com\/flcs26\/wp-content\/uploads\/2026\/03\/Reformados-01.jpg\" class=\"attachment-full size-full wp-post-image\" alt=\"\" srcset=\"https:\/\/showbox.gridmz.com\/flcs26\/wp-content\/uploads\/2026\/03\/Reformados-01.jpg 1140w, https:\/\/showbox.gridmz.com\/flcs26\/wp-content\/uploads\/2026\/03\/Reformados-01-300x153.jpg 300w, https:\/\/showbox.gridmz.com\/flcs26\/wp-content\/uploads\/2026\/03\/Reformados-01-1024x521.jpg 1024w, https:\/\/showbox.gridmz.com\/flcs26\/wp-content\/uploads\/2026\/03\/Reformados-01-768x391.jpg 768w\" sizes=\"(max-width: 1140px) 100vw, 1140px\" \/>\t\t\t\t<\/a>\n\t\t\t<\/div>\n        \n                <div class=\"post-grid-text-wrap\">\n               \t\t\t\t<h3 class=\"title\">\n\t\t\t<a href=\"https:\/\/showbox.gridmz.com\/flcs26\/2026\/03\/10\/flcs-reconhece-contributo-de-funcionarios-reformados\/\">FLCS reconhece contributo de funcion\u00e1rios reformados<\/a>\n\t\t<\/h3>\n\t\t\t                \t                \t\t<div class=\"post-grid-excerpt\">\n\t\t\t<p>A Faculdade de Letras e Ci\u00eancias Sociais da Universidade Eduardo Mondlane (FLCS), homenageou, recentemente, no Campus principal, um grupo de 18 funcion\u00e1rios reformados desta unidade.&hellip;<\/p>\n\t\t<\/div>\n\t\t\t                                <\/div>\n\n            <\/div><!-- .blog-inner -->\n           \n        <\/article>\n\n        \n        <article id=\"post-541\" class=\"wpcap-post post-541 post type-post status-publish format-standard has-post-thumbnail hentry category-noticias\">\n         \n            <div class=\"post-grid-inner\">\n            \t\n            \t\t\t\t<div class=\"post-grid-thumbnail\">\n\t\t\t\t<a href=\"https:\/\/showbox.gridmz.com\/flcs26\/2026\/03\/10\/flcs-devolve-a-ciencia-tres-laboratorios-de-arqueologia-e-antropologia\/\">\n\t\t\t\t\t<img loading=\"lazy\" decoding=\"async\" width=\"1140\" height=\"739\" src=\"https:\/\/showbox.gridmz.com\/flcs26\/wp-content\/uploads\/2026\/03\/Labs-DAA-01.jpg\" class=\"attachment-full size-full wp-post-image\" alt=\"\" srcset=\"https:\/\/showbox.gridmz.com\/flcs26\/wp-content\/uploads\/2026\/03\/Labs-DAA-01.jpg 1140w, https:\/\/showbox.gridmz.com\/flcs26\/wp-content\/uploads\/2026\/03\/Labs-DAA-01-300x194.jpg 300w, https:\/\/showbox.gridmz.com\/flcs26\/wp-content\/uploads\/2026\/03\/Labs-DAA-01-1024x664.jpg 1024w, https:\/\/showbox.gridmz.com\/flcs26\/wp-content\/uploads\/2026\/03\/Labs-DAA-01-768x498.jpg 768w\" sizes=\"(max-width: 1140px) 100vw, 1140px\" \/>\t\t\t\t<\/a>\n\t\t\t<\/div>\n        \n                <div class=\"post-grid-text-wrap\">\n               \t\t\t\t<h3 class=\"title\">\n\t\t\t<a href=\"https:\/\/showbox.gridmz.com\/flcs26\/2026\/03\/10\/flcs-devolve-a-ciencia-tres-laboratorios-de-arqueologia-e-antropologia\/\">FLCS devolve \u00e0 ci\u00eancia tr\u00eas laborat\u00f3rios de Arqueologia e Antropologia<\/a>\n\t\t<\/h3>\n\t\t\t                \t                \t\t<div class=\"post-grid-excerpt\">\n\t\t\t<p>A Faculdade de Letras e Ci\u00eancias Sociais (FLCS) da Universidade Eduardo Mondlane (UEM) acaba de dar um passo significativo para o refor\u00e7o da investiga\u00e7\u00e3o e&hellip;<\/p>\n\t\t<\/div>\n\t\t\t                                <\/div>\n\n            <\/div><!-- .blog-inner -->\n           \n        <\/article>\n\n        \n        <article id=\"post-535\" class=\"wpcap-post post-535 post type-post status-publish format-standard has-post-thumbnail hentry category-noticias\">\n         \n            <div class=\"post-grid-inner\">\n            \t\n            \t\t\t\t<div class=\"post-grid-thumbnail\">\n\t\t\t\t<a href=\"https:\/\/showbox.gridmz.com\/flcs26\/2026\/03\/10\/docente-da-flcs-lanca-gramatica-da-lingua-ronga\/\">\n\t\t\t\t\t<img loading=\"lazy\" decoding=\"async\" width=\"350\" height=\"275\" src=\"https:\/\/showbox.gridmz.com\/flcs26\/wp-content\/uploads\/2026\/03\/Gramatica-01.jpg\" class=\"attachment-full size-full wp-post-image\" alt=\"\" srcset=\"https:\/\/showbox.gridmz.com\/flcs26\/wp-content\/uploads\/2026\/03\/Gramatica-01.jpg 350w, https:\/\/showbox.gridmz.com\/flcs26\/wp-content\/uploads\/2026\/03\/Gramatica-01-300x236.jpg 300w\" sizes=\"(max-width: 350px) 100vw, 350px\" \/>\t\t\t\t<\/a>\n\t\t\t<\/div>\n        \n                <div class=\"post-grid-text-wrap\">\n               \t\t\t\t<h3 class=\"title\">\n\t\t\t<a href=\"https:\/\/showbox.gridmz.com\/flcs26\/2026\/03\/10\/docente-da-flcs-lanca-gramatica-da-lingua-ronga\/\">Docente da FLCS lan\u00e7a Gram\u00e1tica da L\u00edngua Ronga<\/a>\n\t\t<\/h3>\n\t\t\t                \t                \t\t<div class=\"post-grid-excerpt\">\n\t\t\t<p>A Faculdade de letras e Ci\u00eancias Sociais da Universidade Eduardo Mondlane, acolheu na passada ter\u00e7a-feira (1\/04), no Campus principal, o lan\u00e7amento da obra intitulada Gram\u00e1tica&hellip;<\/p>\n\t\t<\/div>\n\t\t\t                                <\/div>\n\n            <\/div><!-- .blog-inner -->\n           \n        <\/article>\n\n        \n        <article id=\"post-529\" class=\"wpcap-post post-529 post type-post status-publish format-standard has-post-thumbnail hentry category-noticias\">\n         \n            <div class=\"post-grid-inner\">\n            \t\n            \t\t\t\t<div class=\"post-grid-thumbnail\">\n\t\t\t\t<a href=\"https:\/\/showbox.gridmz.com\/flcs26\/2026\/03\/10\/professor-pius-yanda-defende-medidas-de-prevencao-e-estrategias-de-mitigacao-face-as-mudancas-climaticas\/\">\n\t\t\t\t\t<img loading=\"lazy\" decoding=\"async\" width=\"300\" height=\"250\" src=\"https:\/\/showbox.gridmz.com\/flcs26\/wp-content\/uploads\/2026\/03\/Aula-Aberta-00.jpg\" class=\"attachment-full size-full wp-post-image\" alt=\"\" \/>\t\t\t\t<\/a>\n\t\t\t<\/div>\n        \n                <div class=\"post-grid-text-wrap\">\n               \t\t\t\t<h3 class=\"title\">\n\t\t\t<a href=\"https:\/\/showbox.gridmz.com\/flcs26\/2026\/03\/10\/professor-pius-yanda-defende-medidas-de-prevencao-e-estrategias-de-mitigacao-face-as-mudancas-climaticas\/\">Professor Pius Yanda defende Medidas de Preven\u00e7\u00e3o e Estrat\u00e9gias de Mitiga\u00e7\u00e3o face \u00e0s Mudan\u00e7as Clim\u00e1ticas<\/a>\n\t\t<\/h3>\n\t\t\t                \t                \t\t<div class=\"post-grid-excerpt\">\n\t\t\t<p>O professor Catedr\u00e1tico Pius Yanda, da Universidade de Dar-es-salam, na Tanz\u00e2nia, defendeu que as medidas de preven\u00e7\u00e3o devem, necessariamente, acomodar os impactos existentes e as&hellip;<\/p>\n\t\t<\/div>\n\t\t\t                                <\/div>\n\n            <\/div><!-- .blog-inner -->\n           \n        <\/article>\n\n        \n        <article id=\"post-523\" class=\"wpcap-post post-523 post type-post status-publish format-standard has-post-thumbnail hentry category-noticias\">\n         \n            <div class=\"post-grid-inner\">\n            \t\n            \t\t\t\t<div class=\"post-grid-thumbnail\">\n\t\t\t\t<a href=\"https:\/\/showbox.gridmz.com\/flcs26\/2026\/03\/10\/flcs-acolhe-palestra-sobre-a-preservacao-de-obras-metalinguisticas-das-linguas-africanas\/\">\n\t\t\t\t\t<img loading=\"lazy\" decoding=\"async\" width=\"350\" height=\"243\" src=\"https:\/\/showbox.gridmz.com\/flcs26\/wp-content\/uploads\/2026\/03\/DSC01992.jpg\" class=\"attachment-full size-full wp-post-image\" alt=\"\" srcset=\"https:\/\/showbox.gridmz.com\/flcs26\/wp-content\/uploads\/2026\/03\/DSC01992.jpg 350w, https:\/\/showbox.gridmz.com\/flcs26\/wp-content\/uploads\/2026\/03\/DSC01992-300x208.jpg 300w\" sizes=\"(max-width: 350px) 100vw, 350px\" \/>\t\t\t\t<\/a>\n\t\t\t<\/div>\n        \n                <div class=\"post-grid-text-wrap\">\n               \t\t\t\t<h3 class=\"title\">\n\t\t\t<a href=\"https:\/\/showbox.gridmz.com\/flcs26\/2026\/03\/10\/flcs-acolhe-palestra-sobre-a-preservacao-de-obras-metalinguisticas-das-linguas-africanas\/\">FLCS acolhe palestra sobre a preserva\u00e7\u00e3o de obras metalingu\u00edsticas das l\u00ednguas africanas<\/a>\n\t\t<\/h3>\n\t\t\t                \t                \t\t<div class=\"post-grid-excerpt\">\n\t\t\t<p>A Faculdade de Letras e Ci\u00eancias Sociais da Universidade Eduardo Mondlane (FLCS) acolheu, na passada ter\u00e7a-feira (26\/02), no campus principal, uma palestra intitulada &#8220;A import\u00e2ncia&hellip;<\/p>\n\t\t<\/div>\n\t\t\t                                <\/div>\n\n            <\/div><!-- .blog-inner -->\n           \n        <\/article>\n\n        \n\t\t\t<\/div>\n\t\t<\/div>\n\t\t\t\t\t\t<\/div>\n\t\t\t\t<\/div>\n\t\t\t\t\t<\/div>\n\t\t\t\t<\/div>\n\t\t\t\t<\/div>\n\t\t","protected":false},"excerpt":{"rendered":"<p>Not\u00edcias Director da FLCS encoraja a perman\u00eancia dos novos ingressos at\u00e9 ao fim do curso O Director da Faculdade de [&hellip;]<\/p>\n","protected":false},"author":1,"featured_media":0,"parent":0,"menu_order":0,"comment_status":"closed","ping_status":"closed","template":"","meta":{"inline_featured_image":false,"site-sidebar-layout":"no-sidebar","site-content-layout":"","ast-site-content-layout":"full-width-container","site-content-style":"default","site-sidebar-style":"default","ast-global-header-display":"","ast-banner-title-visibility":"","ast-main-header-display":"","ast-hfb-above-header-display":"","ast-hfb-below-header-display":"","ast-hfb-mobile-header-display":"","site-post-title":"","ast-breadcrumbs-content":"","ast-featured-img":"disabled","footer-sml-layout":"","ast-disable-related-posts":"","theme-transparent-header-meta":"default","adv-header-id-meta":"","stick-header-meta":"","header-above-stick-meta":"","header-main-stick-meta":"","header-below-stick-meta":"","astra-migrate-meta-layouts":"set","ast-page-background-enabled":"default","ast-page-background-meta":{"desktop":{"background-color":"var(--ast-global-color-5)","background-image":"","background-repeat":"repeat","background-position":"center center","background-size":"auto","background-attachment":"scroll","background-type":"","background-media":"","overlay-type":"","overlay-color":"","overlay-opacity":"","overlay-gradient":""},"tablet":{"background-color":"","background-image":"","background-repeat":"repeat","background-position":"center center","background-size":"auto","background-attachment":"scroll","background-type":"","background-media":"","overlay-type":"","overlay-color":"","overlay-opacity":"","overlay-gradient":""},"mobile":{"background-color":"","background-image":"","background-repeat":"repeat","background-position":"center center","background-size":"auto","background-attachment":"scroll","background-type":"","background-media":"","overlay-type":"","overlay-color":"","overlay-opacity":"","overlay-gradient":""}},"ast-content-background-meta":{"desktop":{"background-color":"var(--ast-global-color-4)","background-image":"","background-repeat":"repeat","background-position":"center center","background-size":"auto","background-attachment":"scroll","background-type":"","background-media":"","overlay-type":"","overlay-color":"","overlay-opacity":"","overlay-gradient":""},"tablet":{"background-color":"var(--ast-global-color-4)","background-image":"","background-repeat":"repeat","background-position":"center center","background-size":"auto","background-attachment":"scroll","background-type":"","background-media":"","overlay-type":"","overlay-color":"","overlay-opacity":"","overlay-gradient":""},"mobile":{"background-color":"var(--ast-global-color-4)","background-image":"","background-repeat":"repeat","background-position":"center center","background-size":"auto","background-attachment":"scroll","background-type":"","background-media":"","overlay-type":"","overlay-color":"","overlay-opacity":"","overlay-gradient":""}},"footnotes":""},"class_list":["post-596","page","type-page","status-publish","hentry"],"_links":{"self":[{"href":"https:\/\/showbox.gridmz.com\/flcs26\/wp-json\/wp\/v2\/pages\/596","targetHints":{"allow":["GET"]}}],"collection":[{"href":"https:\/\/showbox.gridmz.com\/flcs26\/wp-json\/wp\/v2\/pages"}],"about":[{"href":"https:\/\/showbox.gridmz.com\/flcs26\/wp-json\/wp\/v2\/types\/page"}],"author":[{"embeddable":true,"href":"https:\/\/showbox.gridmz.com\/flcs26\/wp-json\/wp\/v2\/users\/1"}],"replies":[{"embeddable":true,"href":"https:\/\/showbox.gridmz.com\/flcs26\/wp-json\/wp\/v2\/comments?post=596"}],"version-history":[{"count":4,"href":"https:\/\/showbox.gridmz.com\/flcs26\/wp-json\/wp\/v2\/pages\/596\/revisions"}],"predecessor-version":[{"id":602,"href":"https:\/\/showbox.gridmz.com\/flcs26\/wp-json\/wp\/v2\/pages\/596\/revisions\/602"}],"wp:attachment":[{"href":"https:\/\/showbox.gridmz.com\/flcs26\/wp-json\/wp\/v2\/media?parent=596"}],"curies":[{"name":"wp","href":"https:\/\/api.w.org\/{rel}","templated":true}]}}