{"id":39,"date":"2026-03-09T15:36:54","date_gmt":"2026-03-09T15:36:54","guid":{"rendered":"https:\/\/showbox.gridmz.com\/flcs26\/?page_id=39"},"modified":"2026-03-10T08:41:05","modified_gmt":"2026-03-10T08:41:05","slug":"historial","status":"publish","type":"page","link":"https:\/\/showbox.gridmz.com\/flcs26\/historial\/","title":{"rendered":"Historial"},"content":{"rendered":"\t\t<div data-elementor-type=\"wp-page\" data-elementor-id=\"39\" class=\"elementor elementor-39\">\n\t\t\t\t<div class=\"elementor-element elementor-element-6b466a7 e-flex e-con-boxed e-con e-parent\" data-id=\"6b466a7\" data-element_type=\"container\" data-e-type=\"container\" data-settings=\"{&quot;background_background&quot;:&quot;classic&quot;}\">\n\t\t\t\t\t<div class=\"e-con-inner\">\n\t\t\t\t\t<\/div>\n\t\t\t\t<\/div>\n\t\t<div class=\"elementor-element elementor-element-08e43d3 e-flex e-con-boxed e-con e-parent\" data-id=\"08e43d3\" data-element_type=\"container\" data-e-type=\"container\">\n\t\t\t\t\t<div class=\"e-con-inner\">\n\t\t\t\t<div class=\"elementor-element elementor-element-f8f7f69 elementor-widget elementor-widget-heading\" data-id=\"f8f7f69\" data-element_type=\"widget\" data-e-type=\"widget\" data-widget_type=\"heading.default\">\n\t\t\t\t\t<h2 class=\"elementor-heading-title elementor-size-default\">Historial<\/h2>\t\t\t\t<\/div>\n\t\t\t\t<div class=\"elementor-element elementor-element-557df4d elementor-widget elementor-widget-text-editor\" data-id=\"557df4d\" data-element_type=\"widget\" data-e-type=\"widget\" data-widget_type=\"text-editor.default\">\n\t\t\t\t\t\t\t\t\t<p>A <strong>Faculdade de Letras e Ci\u00eancias Sociais (FLCS)<\/strong> \u00e9 actualmente a maior da Universidade Eduardo Mondlane (UEM), com cerca de 11.503 estudantes nos cursos de gradua\u00e7\u00e3o e p\u00f3s-gradua\u00e7\u00e3o. A Faculdade de Letras e Ci\u00eancias Sociais \u00e9 fruto a uni\u00e3o em 2003 entre as j\u00e1 extintas Faculdade de Letras (FL) e Unidade de Forma\u00e7\u00e3o e Investiga\u00e7\u00e3o em Ci\u00eancias Sociais (UFICS).<br \/>A FL resultou, por sua vez, do processo de desenvolvimento dos cursos de Forma\u00e7\u00e3o de Professores do 11\u00b0 Grupo (Geografia e Hist\u00f3ria) e do 8\u00b0 Grupo (L\u00ednguas), criados no \u00e2mbito dos Estudos Gerais Universit\u00e1rios de Mo\u00e7ambique em 1962. A FL propriamente dita s\u00f3 viria a ser criada em 1968, atrav\u00e9s da introdu\u00e7\u00e3o dos cursos de gradua\u00e7\u00e3o em Geografia, Hist\u00f3ria e L\u00ednguas Rom\u00e2nicas.<br \/>No in\u00edcio da 90, a UEM decidiu criar a UFICS cujo objectivo era a gest\u00e3o, forma\u00e7\u00e3o e investiga\u00e7\u00e3o em ci\u00eancias sociais e humanas na UEM que recebeu os seus primeiros estudantes em Abril de 1995.<br \/>Actualmente, a FLCS \u00e9 reconhecida pelo contributo que presta ao desenvolvimento do capital humano de Mo\u00e7ambique atrav\u00e9s da forma\u00e7\u00e3o de graduados e p\u00f3s-graduados de qualidade. A FLCS prossegue, empenhadamente, um ensino de qualidade, realiza investiga\u00e7\u00e3o relevante e actividades de extens\u00e3o e consultoria e contribui para os debates nacionais, regionais e internacionais nos dom\u00ednios das letras e ci\u00eancias sociais.<\/p>\t\t\t\t\t\t\t\t<\/div>\n\t\t\t\t\t<\/div>\n\t\t\t\t<\/div>\n\t\t<div class=\"elementor-element elementor-element-c2c8ab3 e-flex e-con-boxed e-con e-parent\" data-id=\"c2c8ab3\" data-element_type=\"container\" data-e-type=\"container\">\n\t\t\t\t\t<div class=\"e-con-inner\">\n\t\t\t\t<div class=\"elementor-element elementor-element-5eb4708 elementor-widget elementor-widget-image\" data-id=\"5eb4708\" data-element_type=\"widget\" data-e-type=\"widget\" data-widget_type=\"image.default\">\n\t\t\t\t\t\t\t\t\t\t\t\t\t\t\t<img fetchpriority=\"high\" decoding=\"async\" width=\"1024\" height=\"320\" src=\"https:\/\/showbox.gridmz.com\/flcs26\/wp-content\/uploads\/2026\/03\/historial-1024x320.png\" class=\"attachment-large size-large wp-image-614\" alt=\"\" srcset=\"https:\/\/showbox.gridmz.com\/flcs26\/wp-content\/uploads\/2026\/03\/historial-1024x320.png 1024w, https:\/\/showbox.gridmz.com\/flcs26\/wp-content\/uploads\/2026\/03\/historial-300x94.png 300w, https:\/\/showbox.gridmz.com\/flcs26\/wp-content\/uploads\/2026\/03\/historial-768x240.png 768w, https:\/\/showbox.gridmz.com\/flcs26\/wp-content\/uploads\/2026\/03\/historial-1536x480.png 1536w, https:\/\/showbox.gridmz.com\/flcs26\/wp-content\/uploads\/2026\/03\/historial.png 1920w\" sizes=\"(max-width: 1024px) 100vw, 1024px\" \/>\t\t\t\t\t\t\t\t\t\t\t\t\t\t\t<\/div>\n\t\t\t\t\t<\/div>\n\t\t\t\t<\/div>\n\t\t\t\t<\/div>\n\t\t","protected":false},"excerpt":{"rendered":"<p>Historial A Faculdade de Letras e Ci\u00eancias Sociais (FLCS) \u00e9 actualmente a maior da Universidade Eduardo Mondlane (UEM), com cerca [&hellip;]<\/p>\n","protected":false},"author":1,"featured_media":0,"parent":0,"menu_order":0,"comment_status":"closed","ping_status":"closed","template":"","meta":{"inline_featured_image":false,"site-sidebar-layout":"no-sidebar","site-content-layout":"","ast-site-content-layout":"full-width-container","site-content-style":"default","site-sidebar-style":"default","ast-global-header-display":"","ast-banner-title-visibility":"","ast-main-header-display":"","ast-hfb-above-header-display":"","ast-hfb-below-header-display":"","ast-hfb-mobile-header-display":"","site-post-title":"","ast-breadcrumbs-content":"","ast-featured-img":"disabled","footer-sml-layout":"","ast-disable-related-posts":"","theme-transparent-header-meta":"","adv-header-id-meta":"","stick-header-meta":"","header-above-stick-meta":"","header-main-stick-meta":"","header-below-stick-meta":"","astra-migrate-meta-layouts":"default","ast-page-background-enabled":"default","ast-page-background-meta":{"desktop":{"background-color":"var(--ast-global-color-5)","background-image":"","background-repeat":"repeat","background-position":"center center","background-size":"auto","background-attachment":"scroll","background-type":"","background-media":"","overlay-type":"","overlay-color":"","overlay-opacity":"","overlay-gradient":""},"tablet":{"background-color":"","background-image":"","background-repeat":"repeat","background-position":"center center","background-size":"auto","background-attachment":"scroll","background-type":"","background-media":"","overlay-type":"","overlay-color":"","overlay-opacity":"","overlay-gradient":""},"mobile":{"background-color":"","background-image":"","background-repeat":"repeat","background-position":"center center","background-size":"auto","background-attachment":"scroll","background-type":"","background-media":"","overlay-type":"","overlay-color":"","overlay-opacity":"","overlay-gradient":""}},"ast-content-background-meta":{"desktop":{"background-color":"var(--ast-global-color-4)","background-image":"","background-repeat":"repeat","background-position":"center center","background-size":"auto","background-attachment":"scroll","background-type":"","background-media":"","overlay-type":"","overlay-color":"","overlay-opacity":"","overlay-gradient":""},"tablet":{"background-color":"var(--ast-global-color-4)","background-image":"","background-repeat":"repeat","background-position":"center center","background-size":"auto","background-attachment":"scroll","background-type":"","background-media":"","overlay-type":"","overlay-color":"","overlay-opacity":"","overlay-gradient":""},"mobile":{"background-color":"var(--ast-global-color-4)","background-image":"","background-repeat":"repeat","background-position":"center center","background-size":"auto","background-attachment":"scroll","background-type":"","background-media":"","overlay-type":"","overlay-color":"","overlay-opacity":"","overlay-gradient":""}},"footnotes":""},"class_list":["post-39","page","type-page","status-publish","hentry"],"_links":{"self":[{"href":"https:\/\/showbox.gridmz.com\/flcs26\/wp-json\/wp\/v2\/pages\/39","targetHints":{"allow":["GET"]}}],"collection":[{"href":"https:\/\/showbox.gridmz.com\/flcs26\/wp-json\/wp\/v2\/pages"}],"about":[{"href":"https:\/\/showbox.gridmz.com\/flcs26\/wp-json\/wp\/v2\/types\/page"}],"author":[{"embeddable":true,"href":"https:\/\/showbox.gridmz.com\/flcs26\/wp-json\/wp\/v2\/users\/1"}],"replies":[{"embeddable":true,"href":"https:\/\/showbox.gridmz.com\/flcs26\/wp-json\/wp\/v2\/comments?post=39"}],"version-history":[{"count":10,"href":"https:\/\/showbox.gridmz.com\/flcs26\/wp-json\/wp\/v2\/pages\/39\/revisions"}],"predecessor-version":[{"id":617,"href":"https:\/\/showbox.gridmz.com\/flcs26\/wp-json\/wp\/v2\/pages\/39\/revisions\/617"}],"wp:attachment":[{"href":"https:\/\/showbox.gridmz.com\/flcs26\/wp-json\/wp\/v2\/media?parent=39"}],"curies":[{"name":"wp","href":"https:\/\/api.w.org\/{rel}","templated":true}]}}